{"id":16279,"date":"2014-06-16T11:01:19","date_gmt":"2014-06-16T11:01:19","guid":{"rendered":"http:\/\/the7.dream-demo.com\/?page_id=16279"},"modified":"2021-07-07T11:41:52","modified_gmt":"2021-07-07T16:41:52","slug":"quienesomos","status":"publish","type":"page","link":"http:\/\/agroaspe.com\/pagina\/quienesomos\/","title":{"rendered":"QUI\u00c9NES SOMOS"},"content":{"rendered":"<p>[vc_row type=\u00bb2&#8243; margin_top=\u00bb-50&#8243; padding_top=\u00bb40&#8243; padding_bottom=\u00bb40&#8243; bg_color=\u00bb#5ca834&#8243; bg_repeat=\u00bbrepeat\u00bb css=\u00bb.vc_custom_1503435026073{background-color: #337b96 !important;}\u00bb][vc_column][vc_column_text]<\/p>\n<h1 style=\"text-align: center;\">QUI\u00c9NES SOMOS<\/h1>\n<h3 style=\"text-align: center;\"><span class=\"color-base-transparent\">INNOVANDO LOS AGRONEGOCIOS<\/span><\/h3>\n<p>[\/vc_column_text][\/vc_column][\/vc_row][vc_row margin_top=\u00bb0&#8243; margin_bottom=\u00bb10&#8243;][vc_column offset=\u00bbvc_col-lg-8 vc_col-md-8 vc_col-xs-12&#8243;][vc_empty_space height=\u00bb26px\u00bb]<div class=\"dt-fancy-separator title-left h6-size\" style=\"width: 100%;\"><div class=\"dt-fancy-title\"><span class=\"separator-holder separator-left\"><\/span>Qui\u00e9nes somos<span class=\"separator-holder separator-right\"><\/span><\/div><\/div>[vc_empty_space height=\u00bb26px\u00bb][vc_column_text]<img loading=\"lazy\" class=\"size-medium wp-image-36125 alignleft\" src=\"http:\/\/agroaspe.com\/pagina\/wp-content\/uploads\/2017\/07\/agrosape_innovacion-300x201.jpg\" alt=\"\" width=\"300\" height=\"201\" srcset=\"http:\/\/agroaspe.com\/pagina\/wp-content\/uploads\/2017\/07\/agrosape_innovacion-300x201.jpg 300w, http:\/\/agroaspe.com\/pagina\/wp-content\/uploads\/2017\/07\/agrosape_innovacion.jpg 350w\" sizes=\"(max-width: 300px) 100vw, 300px\" \/><\/p>\n<p>En\u00a0<strong>AGROASPE\u00a0<\/strong>somos una agencia de vinculaci\u00f3n privada; tenemos como funci\u00f3n primordial establecer la conexi\u00f3n EFECTIVA entre el conocimiento cient\u00edfico y la experiencia con las necesidades y problem\u00e1ticas requeridas para la innovaci\u00f3n y el desarrollo tecnol\u00f3gico de los diferentes sectores agroproductivos de M\u00e9xico. En AGROASPE \u201cCOLABORAR ES GANAR\u201d.<\/p>\n<p>Nuestro modelo de trabajo permite atender problem\u00e1ticas espec\u00edficas y necesidades concretas de los diferentes sectores de los Agronegocios, a trav\u00e9s de un mecanismo DESARROLLADO POR NOSOTROS de vinculaci\u00f3n y colaboraci\u00f3n sumamente eficiente, que \u00a0conecta a nuestros clientes con los especialistas e infraestructura requerida, con lo cual garantizamos los resultados y ofrecemos la mejor soluci\u00f3n, fomentamos la cultura emprendedora y la asesor\u00eda profesional especializada.<\/p>\n<p>&nbsp;<\/p>\n<p style=\"text-align: center;\"><strong>T\u00da GANAS, ELLOS GANAN, TODOS GANAMOS<\/strong><\/p>\n<p>[\/vc_column_text][vc_accordion active_tab=\u00bb1&#8243; collapsible=\u00bbyes\u00bb title_size=\u00bbh5&#8243; style=\u00bb2&#8243;][vc_accordion_tab title=\u00bbNuestra misi\u00f3n\u00bb][vc_column_text]Brindar soluciones integrales al sector agroalimentario y forestal, mediante un esquema de trabajo \u00fanico; ofreciendo a clientes innovaci\u00f3n y desarrollo tecnol\u00f3gico, mediante la investigaci\u00f3n cient\u00edfica y la vinculaci\u00f3n directa entre los diversos actores y sectores de los Agronegocios; siempre bajo los principios de sustentabilidad, responsabilidad social con equidad, amigables ambientalmente\u00a0y econ\u00f3micamente viables.[\/vc_column_text][\/vc_accordion_tab][vc_accordion_tab title=\u00bbNuestra visi\u00f3n\u00bb][vc_column_text]Ser una empresa l\u00edder, referente del sector agroalimentario en investigaci\u00f3n cient\u00edfica,\u00a0 desarrollo e innovaci\u00f3n tecnol\u00f3gica cient\u00edficamente\u00a0de productos, servicios y mejora de procesos y sistemas agro-productivos de M\u00e9xico con un enfoque global\u00a0contribuyendo a la mejora de la rentabilidad de nuestros clientes, buscando el beneficio social y considerando el aprovechamiento racional de los recursos naturales.[\/vc_column_text][\/vc_accordion_tab][vc_accordion_tab title=\u00bbNuestro objetivo\u00bb][vc_column_text]Generar valor mediante la aplicaci\u00f3n del conocimiento para la soluci\u00f3n integral de \u00a0problem\u00e1ticas y necesidades espec\u00edficas de nuestros clientes a trav\u00e9s de un mecanismo \u00fanico de trabajo; desarrollando y dirigiendo los proyectos, mediante el enlace y colaboraci\u00f3n entre especialistas, clientes y nuestro equipo.[\/vc_column_text][\/vc_accordion_tab][\/vc_accordion][vc_empty_space height=\u00bb40px\u00bb][\/vc_column][vc_column offset=\u00bbvc_col-lg-4 vc_col-md-4 vc_col-xs-12&#8243;][vc_empty_space height=\u00bb33px\u00bb]<div class=\"dt-fancy-separator title-left h6-size\" style=\"width: 100%;\"><div class=\"dt-fancy-title\"><span class=\"separator-holder separator-left\"><\/span>Nuestra visi\u00f3n <span class=\"separator-holder separator-right\"><\/span><\/div><\/div>[vc_empty_space height=\u00bb33px\u00bb]<section class=\"shortcode-action-box table shortcode-action-bg block-style-widget\"><div class=\"\"><h5>Innovando los agronegocios, Calidad en agronegocios.<\/h5>\n<\/div><\/section>[vc_empty_space height=\u00bb45px\u00bb]<div class=\"dt-fancy-separator title-left h6-size\" style=\"width: 100%;\"><div class=\"dt-fancy-title\"><span class=\"separator-holder separator-left\"><\/span>Ofrecemos<span class=\"separator-holder separator-right\"><\/span><\/div><\/div>[vc_empty_space height=\u00bb24px\u00bb][vc_column_text]<ol style=\"counter-reset: my-badass-counter 0;\" class=\"standard-number-list\"><li><p>Garant\u00eda por escrito de los resultados y servicios ofrecidos.<\/p>\n<\/li><li><p>T\u00e9cnicos asociados con alto nivel acad\u00e9mico.<\/p>\n<\/li><li><p>M\u00faltiples oportunidades de agronegocios.<\/p>\n<\/li><li><p>Costos reducidos por su mecanismo eficiente de operaci\u00f3n.<\/p>\n<\/li><li><p>Herramientas y plataformas digitales.<\/p>\n<\/li><\/ol>[\/vc_column_text][vc_empty_space height=\u00bb40px\u00bb][\/vc_column][\/vc_row][vc_row][vc_column]<section class=\"shortcode-action-box box-style-table shortcode-action-bg block-style-widget fadeInDown animate-element\"><div class=\"text-big\"><div class=\"gap\" style=\"line-height: 10px; height: 10px;\"><\/div>\n<h3>\u00bfQu\u00e9 hacemos y para qui\u00e9n lo hacemos?<\/h3>\n<\/div><div class=\"shortcode-action-container action-button\"><a href=\"http:\/\/agroaspe.com\/pagina\/que-hacemosdiagrama\" class=\"btn-shortcode dt-btn-l dt-btn default-btn-color default-btn-hover-color default-btn-bg-color default-btn-bg-hover-color\" target=\"_blank\" id=\"dt-btn-1\"><span>M\u00e1s informaci\u00f3n<\/span><\/a><\/div><\/section>[vc_empty_space height=\u00bb50px\u00bb][\/vc_column][\/vc_row][vc_row margin_top=\u00bb0&#8243; margin_bottom=\u00bb30&#8243; full_width_padding_left=\u00bb40&#8243; full_width_padding_right=\u00bb40&#8243; full_width_margin_top=\u00bb0&#8243; full_width_margin_bottom=\u00bb0&#8243;][vc_column]<div class=\"dt-fancy-separator title-left h6-size\" style=\"width: 100%;\"><div class=\"dt-fancy-title\"><span class=\"separator-holder separator-left\"><\/span> Estamos orgullosos de trabajar con<span class=\"separator-holder separator-right\"><\/span><\/div><\/div>[\/vc_column][\/vc_row][vc_row margin_top=\u00bb0&#8243; margin_bottom=\u00bb60&#8243;][vc_column offset=\u00bbvc_hidden-sm vc_hidden-xs\u00bb]<section class=\"logos-grid wf-container\" data-width=\"160px\" data-columns=\"6\"><div class=\"wf-cell\"><div><a class=\"layzr-bg\" href=\"https:\/\/www.facebook.com\/OcasorInc\/\" target=\"_blank\" title=\"\" ><img class=\"lazy-load\"src=\"data:image\/svg+xml;charset=utf-8,%3Csvg xmlns%3D&#039;http%3A%2F%2Fwww.w3.org%2F2000%2Fsvg&#039; viewBox%3D&#039;0 0 259 133&#039;%2F%3E\"width=\"259\"height=\"133\"alt=\"OCASOR\"data-srcset=\"http:\/\/agroaspe.com\/pagina\/wp-content\/uploads\/2013\/08\/SORCA-LOGO-CORPORATIVO.jpg 519w\"\/><\/a><\/div><\/div><\/section>[\/vc_column][\/vc_row][vc_row margin_top=\u00bb0&#8243; margin_bottom=\u00bb-30&#8243; full_width_padding_left=\u00bb40&#8243; full_width_padding_right=\u00bb40&#8243; full_width_margin_top=\u00bb0&#8243; full_width_margin_bottom=\u00bb0&#8243;][vc_column]<div class=\"dt-fancy-separator title-left h6-size\" style=\"width: 100%;\"><div class=\"dt-fancy-title\"><span class=\"separator-holder separator-left\"><\/span>Servicios<span class=\"separator-holder separator-right\"><\/span><\/div><\/div>[vc_empty_space height=\u00bb28px\u00bb]<section id=\"benefits-grid-1\" class=\"benefits-grid wf-container benefits-style-two icons-bg light-bg light-hover-bg light-icon-color accent-icon-hover-color\" data-width=\"250px\" data-columns=\"2\"><style type=\"text\/css\">#benefits-grid-1.icons-bg .benefits-grid-ico { height: 50px; line-height: 50px; width: 50px;-webkit-border-radius: 100px;-moz-border-radius: 100px;-ms-border-radius: 100px;-o-border-radius: 100px;border-radius: 100px; }#benefits-grid-1.icons-bg .benefits-grid-ico > .fa { font-size: 24px; line-height: 50px; }<\/style><div class=\"wf-cell\"><div><div class=\"text-big\"><div class=\"wf-table\"><div class=\"wf-td\"><a href=\"http:\/\/agroaspe.com\/pagina\/servicios\/#primero\" class=\"benefits-grid-ico\"><img src=\"http:\/\/agroaspe.com\/pagina\/wp-content\/uploads\/2013\/09\/chemistry.png\" width=\"256\" height=\"256\"  alt=\"\" \/><\/a><\/div><div class=\"wf-td benefits-inner\"><h5 class=\"benefit-title\"><a href=\"http:\/\/agroaspe.com\/pagina\/servicios\/#primero\">INVESTIGACI\u00d3N CIENT\u00cdFICA Y TECNOL\u00d3GICA<\/a><\/h5><p>Generaci\u00f3n del conocimiento e informaci\u00f3n necesaria para el desarrollo e innovaci\u00f3n tecnol\u00f3gica en el sector agroalimentario.<\/p>\n<\/div><\/div><\/div><\/div><\/div><div class=\"wf-cell\"><div><div class=\"text-big\"><div class=\"wf-table\"><div class=\"wf-td\"><a href=\"http:\/\/agroaspe.com\/pagina\/servicios\/#segundo\" class=\"benefits-grid-ico\"><img src=\"http:\/\/agroaspe.com\/pagina\/wp-content\/uploads\/2013\/09\/editor.png\" width=\"256\" height=\"256\"  alt=\"\" \/><\/a><\/div><div class=\"wf-td benefits-inner\"><h5 class=\"benefit-title\"><a href=\"http:\/\/agroaspe.com\/pagina\/servicios\/#segundo\">DESARROLLO E INNOVACI\u00d3N TECNOL\u00d3GICA<\/a><\/h5><div>Dise\u00f1o, implementaci\u00f3n, evaluaci\u00f3n y mejora de proyectos y\/o desarrollos tecnol\u00f3gicos del agro.<\/div>\n<p>&nbsp;<\/p>\n<\/div><\/div><\/div><\/div><\/div><div class=\"wf-cell\"><div><div class=\"text-big\"><div class=\"wf-table\"><div class=\"wf-td\"><a href=\"http:\/\/agroaspe.com\/pagina\/servicios\/#tercero\" class=\"benefits-grid-ico\"><img src=\"http:\/\/agroaspe.com\/pagina\/wp-content\/uploads\/2013\/09\/deal.png\" width=\"256\" height=\"256\"  alt=\"\" \/><\/a><\/div><div class=\"wf-td benefits-inner\"><h5 class=\"benefit-title\"><a href=\"http:\/\/agroaspe.com\/pagina\/servicios\/#tercero\">ASESOR\u00cdA ESPECIALIZADA<\/a><\/h5><p>Asesor\u00eda agropecuaria y forestal especializada.<\/p>\n<\/div><\/div><\/div><\/div><\/div><div class=\"wf-cell\"><div><div class=\"text-big\"><div class=\"wf-table\"><div class=\"wf-td\"><a href=\"http:\/\/agroaspe.com\/pagina\/servicios\/#cuarto\" class=\"benefits-grid-ico\"><img src=\"http:\/\/agroaspe.com\/pagina\/wp-content\/uploads\/2013\/09\/renewable-energy.png\" width=\"256\" height=\"256\"  alt=\"\" \/><\/a><\/div><div class=\"wf-td benefits-inner\"><h5 class=\"benefit-title\"><a href=\"http:\/\/agroaspe.com\/pagina\/servicios\/#cuarto\">IMPLEMENTACI\u00d3N Y EVALUACI\u00d3N DE ENSAYOS<\/a><\/h5><p>Implementaci\u00f3n y evaluaci\u00f3n de ensayos de campo, de productos y\/o procesos de producci\u00f3n basados en el m\u00e9todo cient\u00edfico moderno.<\/p>\n<\/div><\/div><\/div><\/div><\/div><div class=\"wf-cell\"><div><div class=\"text-big\"><div class=\"wf-table\"><div class=\"wf-td\"><a href=\"http:\/\/agroaspe.com\/pagina\/servicios\/#quinto\" class=\"benefits-grid-ico\"><img src=\"http:\/\/agroaspe.com\/pagina\/wp-content\/uploads\/2017\/07\/flask.png\" width=\"256\" height=\"256\"  alt=\"\" \/><\/a><\/div><div class=\"wf-td benefits-inner\"><h5 class=\"benefit-title\"><a href=\"http:\/\/agroaspe.com\/pagina\/servicios\/#quinto\">AN\u00c1LISIS AGR\u00cdCOLAS ESPECIALIZADOS<\/a><\/h5><p>An\u00e1lisis de laboratorio, interpretaci\u00f3n de resultados y elaboraci\u00f3n de informes t\u00e9cnicos personalizados y especializados.<\/p>\n<\/div><\/div><\/div><\/div><\/div><\/section>[vc_empty_space height=\u00bb50px\u00bb][vc_empty_space][\/vc_column][\/vc_row][vc_row type=\u00bb2&#8243; padding_top=\u00bb40&#8243; padding_bottom=\u00bb40&#8243; bg_color=\u00bb#337b96&#8243; bg_repeat=\u00bbrepeat\u00bb anchor=\u00bbcontact\u00bb min_height=\u00bb0&#8243;][vc_column][vc_column_text]<\/p>\n<h1 style=\"text-align: center;\">CONT\u00c1CTANOS<\/h1>\n<h3 style=\"text-align: center;\"><span class=\"color-base-transparent\">P\u00d3NTE EN CONTACTO CON NOSOTROS<\/span><\/h3>\n<p>[\/vc_column_text][\/vc_column][\/vc_row][vc_row anchor=\u00bbcontact\u00bb min_height=\u00bb0&#8243; css=\u00bb.vc_custom_1462312363445{background-color: #337b96 !important;}\u00bb][vc_column width=\u00bb2\/3&#8243;][vc_empty_space height=\u00bb25px\u00bb][vc_column_text]<\/p>\n<h3>M\u00e1ndanos un mensaje<\/h3>\n<p>[\/vc_column_text][vc_empty_space height=\u00bb25px\u00bb][vc_empty_space height=\u00bb40px\u00bb][\/vc_column][vc_column width=\u00bb1\/3&#8243;][vc_empty_space height=\u00bb25px\u00bb][vc_column_text]<\/p>\n<h3>Informaci\u00f3n de contacto<\/h3>\n<p>[\/vc_column_text][vc_empty_space height=\u00bb18px\u00bb][vc_column_text]<span class=\"color-title\">Direcci\u00f3n:<\/span><br \/>\nAv. Patria 3135,\u00a0Interior 1, Col. Loma Bonita Ejidal, 45085 Zapopan Jalisco M\u00e9xico[\/vc_column_text][vc_empty_space height=\u00bb16px\u00bb][vc_column_text]<span class=\"color-title\">Tel\u00e9fono:<\/span><br \/>\n(33) 2152-3452[\/vc_column_text][vc_empty_space height=\u00bb16px\u00bb][vc_column_text]<span class=\"color-title\">Correo Electr\u00f3nico:<\/span><br \/>\ninformes@agroaspe.com[\/vc_column_text][vc_empty_space height=\u00bb16px\u00bb][vc_empty_space height=\u00bb50px\u00bb][\/vc_column][\/vc_row]<\/p>\n","protected":false},"excerpt":{"rendered":"<p>[vc_row type=\u00bb2&#8243; margin_top=\u00bb-50&#8243; padding_top=\u00bb40&#8243; padding_bottom=\u00bb40&#8243; bg_color=\u00bb#5ca834&#8243; bg_repeat=\u00bbrepeat\u00bb css=\u00bb.vc_custom_1503435026073{background-color: #337b96 !important;}\u00bb][vc_column][vc_column_text] QUI\u00c9NES SOMOS INNOVANDO LOS AGRONEGOCIOS [\/vc_column_text][\/vc_column][\/vc_row][vc_row margin_top=\u00bb0&#8243; margin_bottom=\u00bb10&#8243;][vc_column offset=\u00bbvc_col-lg-8 vc_col-md-8 vc_col-xs-12&#8243;][vc_empty_space height=\u00bb26px\u00bb][vc_empty_space height=\u00bb26px\u00bb][vc_column_text] En\u00a0AGROASPE\u00a0somos una agencia de vinculaci\u00f3n privada; tenemos como funci\u00f3n primordial establecer la conexi\u00f3n EFECTIVA entre el conocimiento cient\u00edfico y la experiencia con las necesidades y problem\u00e1ticas requeridas para la innovaci\u00f3n y el&hellip;<\/p>\n","protected":false},"author":1,"featured_media":0,"parent":0,"menu_order":10,"comment_status":"closed","ping_status":"closed","template":"","meta":[],"_links":{"self":[{"href":"http:\/\/agroaspe.com\/pagina\/wp-json\/wp\/v2\/pages\/16279"}],"collection":[{"href":"http:\/\/agroaspe.com\/pagina\/wp-json\/wp\/v2\/pages"}],"about":[{"href":"http:\/\/agroaspe.com\/pagina\/wp-json\/wp\/v2\/types\/page"}],"author":[{"embeddable":true,"href":"http:\/\/agroaspe.com\/pagina\/wp-json\/wp\/v2\/users\/1"}],"replies":[{"embeddable":true,"href":"http:\/\/agroaspe.com\/pagina\/wp-json\/wp\/v2\/comments?post=16279"}],"version-history":[{"count":66,"href":"http:\/\/agroaspe.com\/pagina\/wp-json\/wp\/v2\/pages\/16279\/revisions"}],"predecessor-version":[{"id":36736,"href":"http:\/\/agroaspe.com\/pagina\/wp-json\/wp\/v2\/pages\/16279\/revisions\/36736"}],"wp:attachment":[{"href":"http:\/\/agroaspe.com\/pagina\/wp-json\/wp\/v2\/media?parent=16279"}],"curies":[{"name":"wp","href":"https:\/\/api.w.org\/{rel}","templated":true}]}}